{"id":761,"date":"2021-03-29T18:53:56","date_gmt":"2021-03-29T15:53:56","guid":{"rendered":"https:\/\/www.whiskyklubben.fi\/?page_id=761"},"modified":"2024-10-14T13:31:04","modified_gmt":"2024-10-14T10:31:04","slug":"avas-verksamhet","status":"publish","type":"page","link":"https:\/\/www.whiskyklubben.fi\/en\/avas-verksamhet\/","title":{"rendered":"AvAs verksamhet"},"content":{"rendered":"<div class=\"inherit-container-width wp-block-group is-layout-constrained wp-block-group-is-layout-constrained\"><div class=\"wp-block-group__inner-container\">\n<div class=\"wp-block-columns is-layout-flex wp-container-core-columns-is-layout-1 wp-block-columns-is-layout-flex\">\n<div class=\"wp-block-column is-layout-flow wp-block-column-is-layout-flow\">\n<h3 class=\"wp-block-heading\">Tastingar<\/h3>\n\n\n\n<p>AvA ordnar vanligtvis ungef\u00e4r en tasting per m\u00e5nad under det akademiska \u00e5ret. P\u00e5 tastingarmna smakar vi ofta p\u00e5 tre stycken whiskyn fr\u00e5n runt samma tema, vare det sig en whisky region, smak-karakt\u00e4rer eller dylikt. P\u00e5 tastingarna brukar vi \u00e4ven bjuda p\u00e5 temaenlig mat och program. Tastningarna ordnas oftast i K\u00e5rens Marlirummet som rymmer ett tjugotal deltagare. Ut\u00f6ver det har vi ordnat speciella tastingar i samarbete med lokala barer i \u00c5bo, som t.ex.&nbsp;Game of Thornes tastingen p\u00e5 Sk\u00e4rg\u00e5rdsbaren i \u00c5bo.<\/p>\n\n\n\n<p>AvA har \u00e4ven under de senaste \u00e5ren \u00e4ven \u00f6verg\u00e5tt till att ordna andra sorters tastingar med annat \u00e4n whisky p\u00e5 menyn. Vi har bland annat smakat p\u00e5 Cognac, Rom och Gin, planen f\u00f6r en vin tasting \u00e4r \u00e4ven p\u00e5 agendan.<\/p>\n<\/div>\n\n\n\n<div class=\"wp-block-column is-layout-flow wp-block-column-is-layout-flow\">\n<figure class=\"wp-block-image size-large\"><img loading=\"lazy\" decoding=\"async\" width=\"750\" height=\"563\" src=\"https:\/\/www.whiskyklubben.fi\/wp-content\/uploads\/2021\/03\/25039047_2023380491254270_3436615157021671424_n.jpeg\" alt=\"\" class=\"wp-image-768\" srcset=\"https:\/\/www.whiskyklubben.fi\/wp-content\/uploads\/2021\/03\/25039047_2023380491254270_3436615157021671424_n.jpeg 750w, https:\/\/www.whiskyklubben.fi\/wp-content\/uploads\/2021\/03\/25039047_2023380491254270_3436615157021671424_n-300x225.jpeg 300w\" sizes=\"auto, (max-width: 750px) 100vw, 750px\" \/><\/figure>\n<\/div>\n<\/div>\n<\/div><\/div>\n\n\n\n<p><\/p>\n\n\n\n<p><\/p>\n\n\n\n<div class=\"inherit-container-width wp-block-group is-layout-constrained wp-block-group-is-layout-constrained\"><div class=\"wp-block-group__inner-container\">\n<div class=\"wp-block-columns is-layout-flex wp-container-core-columns-is-layout-2 wp-block-columns-is-layout-flex\">\n<div class=\"wp-block-column is-layout-flow wp-block-column-is-layout-flow\">\n<figure class=\"wp-block-image size-large\"><img loading=\"lazy\" decoding=\"async\" width=\"749\" height=\"421\" src=\"https:\/\/www.whiskyklubben.fi\/wp-content\/uploads\/2021\/03\/42973869_290381508471228_668889977872307487_n-edited.jpeg\" alt=\"\" class=\"wp-image-773\" srcset=\"https:\/\/www.whiskyklubben.fi\/wp-content\/uploads\/2021\/03\/42973869_290381508471228_668889977872307487_n-edited.jpeg 749w, https:\/\/www.whiskyklubben.fi\/wp-content\/uploads\/2021\/03\/42973869_290381508471228_668889977872307487_n-edited-300x169.jpeg 300w\" sizes=\"auto, (max-width: 749px) 100vw, 749px\" \/><figcaption class=\"wp-element-caption\">AvA bes\u00f6ker v\u00e4rldens st\u00f6rsta tills dess o\u00f6ppnade whiskysamling i Edinburgh<\/figcaption><\/figure>\n<\/div>\n\n\n\n<div class=\"wp-block-column is-layout-flow wp-block-column-is-layout-flow\">\n<h3 class=\"wp-block-heading\">Exkursioner<\/h3>\n\n\n\n<p>Hittills har AvA ordnat tv\u00e5 exkursioner till Edinburgh Skottland, 2018 och 2023. Planerna \u00e4r att i framtiden ocks\u00e5 ordna exkursioner till olika intressanta st\u00e4llen, varannat \u00e5r en internationell exkursion och varnnat \u00e5r en inhemsk exkursion till inhemska  whisky producenter som t.ex. Nagu Distillery eller Kyr\u00f6 Distillery.<\/p>\n<\/div>\n<\/div>\n<\/div><\/div>\n\n\n\n<div class=\"wp-block-columns is-layout-flex wp-container-core-columns-is-layout-4 wp-block-columns-is-layout-flex\">\n<div class=\"wp-block-column is-layout-flow wp-block-column-is-layout-flow\" style=\"flex-basis:100%\">\n<div class=\"inherit-container-width wp-block-group alignfull is-layout-constrained wp-block-group-is-layout-constrained\"><div class=\"wp-block-group__inner-container\">\n<div class=\"wp-block-columns is-layout-flex wp-container-core-columns-is-layout-3 wp-block-columns-is-layout-flex\">\n<div class=\"wp-block-column is-layout-flow wp-block-column-is-layout-flow\">\n<h3 class=\"wp-block-heading alignwide has-text-align-left\">\u00d6vriga evenemang och AvA evenemang \u00e5t andra f\u00f6reningar<\/h3>\n\n\n\n<p>AvA samarbetar t\u00e4tt med \u00f6vriga studerandef\u00f6reningar och ordnar\/deltar g\u00e4rna i olika slags evenemang. Vi har ordna tastingar f\u00f6r olika f\u00f6reningar, deltagit som punkh\u00e5llare i intagningar osv. Vi har b\u00e5de ordnat tastingar tillsammans, men ocks\u00e5 \u00e5t olika sorters f\u00f6reningar och \u00e4ven andra organisationer. <\/p>\n\n\n\n<p>Vi har ordnat evenemang b\u00e5de i form av whisky tastingar men \u00e4ven cocktailtastingar t.ex. som extra evenemang under en \u00e5rsfestvecka.<\/p>\n\n\n\n<p class=\"has-text-align-left\">Pris f\u00f6r studief\u00f6reningar: 50\u20ac fast avgift + ink\u00f6pspris av dryck. <\/p>\n\n\n\n<p class=\"has-text-align-left\">Pris f\u00f6r \u00f6vriga organisationer: Offert f\u00e5s p\u00e5 beg\u00e4ran.<\/p>\n<\/div>\n\n\n\n<div class=\"wp-block-column is-layout-flow wp-block-column-is-layout-flow\">\n<figure class=\"wp-block-image size-large\"><img loading=\"lazy\" decoding=\"async\" width=\"1024\" height=\"489\" src=\"https:\/\/www.whiskyklubben.fi\/wp-content\/uploads\/2021\/10\/IMG_20210922_163826_1-1024x489.jpg\" alt=\"\" class=\"wp-image-887\" srcset=\"https:\/\/www.whiskyklubben.fi\/wp-content\/uploads\/2021\/10\/IMG_20210922_163826_1-1024x489.jpg 1024w, https:\/\/www.whiskyklubben.fi\/wp-content\/uploads\/2021\/10\/IMG_20210922_163826_1-300x143.jpg 300w, https:\/\/www.whiskyklubben.fi\/wp-content\/uploads\/2021\/10\/IMG_20210922_163826_1-768x367.jpg 768w, https:\/\/www.whiskyklubben.fi\/wp-content\/uploads\/2021\/10\/IMG_20210922_163826_1-1536x734.jpg 1536w, https:\/\/www.whiskyklubben.fi\/wp-content\/uploads\/2021\/10\/IMG_20210922_163826_1-2048x979.jpg 2048w\" sizes=\"auto, (max-width: 1024px) 100vw, 1024px\" \/><figcaption class=\"wp-element-caption\">AvA h\u00e5ller traditionella Highland Games p\u00e5 nationernas intagning h\u00f6sten 2021<\/figcaption><\/figure>\n\n\n\n<ul class=\"wp-block-social-links aligncenter has-normal-icon-size is-content-justification-center is-layout-flex wp-container-core-social-links-is-layout-1 wp-block-social-links-is-layout-flex\"><li class=\"wp-social-link wp-social-link-facebook  wp-block-social-link\"><a href=\"https:\/\/www.facebook.com\/AquaVitaeAboensis\" class=\"wp-block-social-link-anchor\"><svg width=\"24\" height=\"24\" viewbox=\"0 0 24 24\" version=\"1.1\" xmlns=\"http:\/\/www.w3.org\/2000\/svg\" aria-hidden=\"true\" focusable=\"false\"><path d=\"M12 2C6.5 2 2 6.5 2 12c0 5 3.7 9.1 8.4 9.9v-7H7.9V12h2.5V9.8c0-2.5 1.5-3.9 3.8-3.9 1.1 0 2.2.2 2.2.2v2.5h-1.3c-1.2 0-1.6.8-1.6 1.6V12h2.8l-.4 2.9h-2.3v7C18.3 21.1 22 17 22 12c0-5.5-4.5-10-10-10z\"><\/path><\/svg><span class=\"wp-block-social-link-label screen-reader-text\">Facebook<\/span><\/a><\/li>\n\n<li class=\"wp-social-link wp-social-link-instagram  wp-block-social-link\"><a href=\"https:\/\/www.instagram.com\/whiskyklubbenava\/\" class=\"wp-block-social-link-anchor\"><svg width=\"24\" height=\"24\" viewbox=\"0 0 24 24\" version=\"1.1\" xmlns=\"http:\/\/www.w3.org\/2000\/svg\" aria-hidden=\"true\" focusable=\"false\"><path d=\"M12,4.622c2.403,0,2.688,0.009,3.637,0.052c0.877,0.04,1.354,0.187,1.671,0.31c0.42,0.163,0.72,0.358,1.035,0.673 c0.315,0.315,0.51,0.615,0.673,1.035c0.123,0.317,0.27,0.794,0.31,1.671c0.043,0.949,0.052,1.234,0.052,3.637 s-0.009,2.688-0.052,3.637c-0.04,0.877-0.187,1.354-0.31,1.671c-0.163,0.42-0.358,0.72-0.673,1.035 c-0.315,0.315-0.615,0.51-1.035,0.673c-0.317,0.123-0.794,0.27-1.671,0.31c-0.949,0.043-1.233,0.052-3.637,0.052 s-2.688-0.009-3.637-0.052c-0.877-0.04-1.354-0.187-1.671-0.31c-0.42-0.163-0.72-0.358-1.035-0.673 c-0.315-0.315-0.51-0.615-0.673-1.035c-0.123-0.317-0.27-0.794-0.31-1.671C4.631,14.688,4.622,14.403,4.622,12 s0.009-2.688,0.052-3.637c0.04-0.877,0.187-1.354,0.31-1.671c0.163-0.42,0.358-0.72,0.673-1.035 c0.315-0.315,0.615-0.51,1.035-0.673c0.317-0.123,0.794-0.27,1.671-0.31C9.312,4.631,9.597,4.622,12,4.622 M12,3 C9.556,3,9.249,3.01,8.289,3.054C7.331,3.098,6.677,3.25,6.105,3.472C5.513,3.702,5.011,4.01,4.511,4.511 c-0.5,0.5-0.808,1.002-1.038,1.594C3.25,6.677,3.098,7.331,3.054,8.289C3.01,9.249,3,9.556,3,12c0,2.444,0.01,2.751,0.054,3.711 c0.044,0.958,0.196,1.612,0.418,2.185c0.23,0.592,0.538,1.094,1.038,1.594c0.5,0.5,1.002,0.808,1.594,1.038 c0.572,0.222,1.227,0.375,2.185,0.418C9.249,20.99,9.556,21,12,21s2.751-0.01,3.711-0.054c0.958-0.044,1.612-0.196,2.185-0.418 c0.592-0.23,1.094-0.538,1.594-1.038c0.5-0.5,0.808-1.002,1.038-1.594c0.222-0.572,0.375-1.227,0.418-2.185 C20.99,14.751,21,14.444,21,12s-0.01-2.751-0.054-3.711c-0.044-0.958-0.196-1.612-0.418-2.185c-0.23-0.592-0.538-1.094-1.038-1.594 c-0.5-0.5-1.002-0.808-1.594-1.038c-0.572-0.222-1.227-0.375-2.185-0.418C14.751,3.01,14.444,3,12,3L12,3z M12,7.378 c-2.552,0-4.622,2.069-4.622,4.622S9.448,16.622,12,16.622s4.622-2.069,4.622-4.622S14.552,7.378,12,7.378z M12,15 c-1.657,0-3-1.343-3-3s1.343-3,3-3s3,1.343,3,3S13.657,15,12,15z M16.804,6.116c-0.596,0-1.08,0.484-1.08,1.08 s0.484,1.08,1.08,1.08c0.596,0,1.08-0.484,1.08-1.08S17.401,6.116,16.804,6.116z\"><\/path><\/svg><span class=\"wp-block-social-link-label screen-reader-text\">Instagram<\/span><\/a><\/li>\n\n<li class=\"wp-social-link wp-social-link-mail  wp-block-social-link\"><a href=\"mailto:info@whiskyklubben.fi\" class=\"wp-block-social-link-anchor\"><svg width=\"24\" height=\"24\" viewbox=\"0 0 24 24\" version=\"1.1\" xmlns=\"http:\/\/www.w3.org\/2000\/svg\" aria-hidden=\"true\" focusable=\"false\"><path d=\"M19,5H5c-1.1,0-2,.9-2,2v10c0,1.1.9,2,2,2h14c1.1,0,2-.9,2-2V7c0-1.1-.9-2-2-2zm.5,12c0,.3-.2.5-.5.5H5c-.3,0-.5-.2-.5-.5V9.8l7.5,5.6,7.5-5.6V17zm0-9.1L12,13.6,4.5,7.9V7c0-.3.2-.5.5-.5h14c.3,0,.5.2.5.5v.9z\"><\/path><\/svg><span class=\"wp-block-social-link-label screen-reader-text\">Mail<\/span><\/a><\/li><\/ul>\n<\/div>\n<\/div>\n<\/div><\/div>\n<\/div>\n<\/div>","protected":false},"excerpt":{"rendered":"<p>Tastingar AvA ordnar vanligtvis ungef\u00e4r en tasting per m\u00e5nad under det akademiska \u00e5ret. P\u00e5 tastingarmna smakar vi ofta p\u00e5 tre stycken whiskyn fr\u00e5n runt samma tema, vare det sig en whisky region, smak-karakt\u00e4rer eller dylikt. P\u00e5 tastingarna brukar vi \u00e4ven bjuda p\u00e5 temaenlig mat och program. Tastningarna ordnas oftast i K\u00e5rens Marlirummet som rymmer ett &hellip;<\/p>\n<p class=\"read-more\"> <a class=\"\" href=\"https:\/\/www.whiskyklubben.fi\/en\/avas-verksamhet\/\"> <span class=\"screen-reader-text\">AvAs verksamhet<\/span> Read More &raquo;<\/a><\/p>","protected":false},"author":1,"featured_media":0,"parent":0,"menu_order":0,"comment_status":"closed","ping_status":"closed","template":"","meta":{"_monsterinsights_skip_tracking":false,"_monsterinsights_sitenote_active":false,"_monsterinsights_sitenote_note":"","_monsterinsights_sitenote_category":0,"site-sidebar-layout":"default","site-content-layout":"content-boxed-container","ast-global-header-display":"","ast-main-header-display":"","ast-hfb-above-header-display":"","ast-hfb-below-header-display":"","ast-hfb-mobile-header-display":"","site-post-title":"","ast-breadcrumbs-content":"","ast-featured-img":"","footer-sml-layout":"","theme-transparent-header-meta":"disabled","adv-header-id-meta":"","stick-header-meta":"","header-above-stick-meta":"","header-main-stick-meta":"","header-below-stick-meta":"","footnotes":""},"class_list":["post-761","page","type-page","status-publish","hentry"],"aioseo_notices":[],"_links":{"self":[{"href":"https:\/\/www.whiskyklubben.fi\/en\/wp-json\/wp\/v2\/pages\/761","targetHints":{"allow":["GET"]}}],"collection":[{"href":"https:\/\/www.whiskyklubben.fi\/en\/wp-json\/wp\/v2\/pages"}],"about":[{"href":"https:\/\/www.whiskyklubben.fi\/en\/wp-json\/wp\/v2\/types\/page"}],"author":[{"embeddable":true,"href":"https:\/\/www.whiskyklubben.fi\/en\/wp-json\/wp\/v2\/users\/1"}],"replies":[{"embeddable":true,"href":"https:\/\/www.whiskyklubben.fi\/en\/wp-json\/wp\/v2\/comments?post=761"}],"version-history":[{"count":28,"href":"https:\/\/www.whiskyklubben.fi\/en\/wp-json\/wp\/v2\/pages\/761\/revisions"}],"predecessor-version":[{"id":1115,"href":"https:\/\/www.whiskyklubben.fi\/en\/wp-json\/wp\/v2\/pages\/761\/revisions\/1115"}],"wp:attachment":[{"href":"https:\/\/www.whiskyklubben.fi\/en\/wp-json\/wp\/v2\/media?parent=761"}],"curies":[{"name":"wp","href":"https:\/\/api.w.org\/{rel}","templated":true}]}}