{"id":930,"date":"2021-10-27T16:06:34","date_gmt":"2021-10-27T13:06:34","guid":{"rendered":"https:\/\/www.whiskyklubben.fi\/?page_id=930"},"modified":"2021-10-27T16:10:14","modified_gmt":"2021-10-27T13:10:14","slug":"marlirummet","status":"publish","type":"page","link":"https:\/\/www.whiskyklubben.fi\/en\/marlirummet\/","title":{"rendered":"Marlirummet"},"content":{"rendered":"<p>Marlirummet \u00e4r lokalen AvA oftast h\u00e5ller sina egna evenemang. Rummet hyrs ut av K\u00e5ren och ing\u00e5ngen ligger p\u00e5 Tavasthems innerg\u00e5rd. Tavasthems address \u00e4r Tavastgatan 22, 20500 \u00c5bo. <\/p>\n\n\n\n<figure class=\"wp-block-image size-large\"><img loading=\"lazy\" decoding=\"async\" width=\"1024\" height=\"518\" src=\"https:\/\/www.whiskyklubben.fi\/wp-content\/uploads\/2021\/10\/Screenshot-2021-10-27-at-15.49.53-1024x518.png\" alt=\"\" class=\"wp-image-931\" srcset=\"https:\/\/www.whiskyklubben.fi\/wp-content\/uploads\/2021\/10\/Screenshot-2021-10-27-at-15.49.53-1024x518.png 1024w, https:\/\/www.whiskyklubben.fi\/wp-content\/uploads\/2021\/10\/Screenshot-2021-10-27-at-15.49.53-300x152.png 300w, https:\/\/www.whiskyklubben.fi\/wp-content\/uploads\/2021\/10\/Screenshot-2021-10-27-at-15.49.53-768x389.png 768w, https:\/\/www.whiskyklubben.fi\/wp-content\/uploads\/2021\/10\/Screenshot-2021-10-27-at-15.49.53-1536x777.png 1536w, https:\/\/www.whiskyklubben.fi\/wp-content\/uploads\/2021\/10\/Screenshot-2021-10-27-at-15.49.53-2048x1036.png 2048w\" sizes=\"auto, (max-width: 1024px) 100vw, 1024px\" \/><figcaption>V\u00e4gen till Tavasthems innerg\u00e5rd<\/figcaption><\/figure>\n\n\n\n<p>Tavasthems innerg\u00e5rd ligger bakom en l\u00e5st grind som man enbart kan \u00f6ppna inifr\u00e5n. Styrelsen f\u00f6rs\u00f6ker periodiskt skickar ut n\u00e5gon och se om det st\u00e5r n\u00e5gon bakom grinden ca 30 min f\u00f6re till 15 min efter evenemangs starttid. Om man blir senare \u00e4n det till ett evenemang, eller vill slippa snabbare in s\u00e5 kan man kontakta styrelsen via ett telefonnummer vi brukar klistra fast n\u00e5gonstans vid grinden.  <\/p>","protected":false},"excerpt":{"rendered":"<p>Marlirummet \u00e4r lokalen AvA oftast h\u00e5ller sina egna evenemang. Rummet hyrs ut av K\u00e5ren och ing\u00e5ngen ligger p\u00e5 Tavasthems innerg\u00e5rd. Tavasthems address \u00e4r Tavastgatan 22, 20500 \u00c5bo. Tavasthems innerg\u00e5rd ligger bakom en l\u00e5st grind som man enbart kan \u00f6ppna inifr\u00e5n. Styrelsen f\u00f6rs\u00f6ker periodiskt skickar ut n\u00e5gon och se om det st\u00e5r n\u00e5gon bakom grinden ca &hellip;<\/p>\n<p class=\"read-more\"> <a class=\"\" href=\"https:\/\/www.whiskyklubben.fi\/en\/marlirummet\/\"> <span class=\"screen-reader-text\">Marlirummet<\/span> Read More &raquo;<\/a><\/p>","protected":false},"author":1,"featured_media":0,"parent":0,"menu_order":0,"comment_status":"closed","ping_status":"closed","template":"","meta":{"_monsterinsights_skip_tracking":false,"_monsterinsights_sitenote_active":false,"_monsterinsights_sitenote_note":"","_monsterinsights_sitenote_category":0,"site-sidebar-layout":"default","site-content-layout":"content-boxed-container","ast-global-header-display":"","ast-main-header-display":"","ast-hfb-above-header-display":"","ast-hfb-below-header-display":"","ast-hfb-mobile-header-display":"","site-post-title":"","ast-breadcrumbs-content":"","ast-featured-img":"","footer-sml-layout":"","theme-transparent-header-meta":"disabled","adv-header-id-meta":"","stick-header-meta":"","header-above-stick-meta":"","header-main-stick-meta":"","header-below-stick-meta":"","footnotes":""},"class_list":["post-930","page","type-page","status-publish","hentry"],"aioseo_notices":[],"_links":{"self":[{"href":"https:\/\/www.whiskyklubben.fi\/en\/wp-json\/wp\/v2\/pages\/930","targetHints":{"allow":["GET"]}}],"collection":[{"href":"https:\/\/www.whiskyklubben.fi\/en\/wp-json\/wp\/v2\/pages"}],"about":[{"href":"https:\/\/www.whiskyklubben.fi\/en\/wp-json\/wp\/v2\/types\/page"}],"author":[{"embeddable":true,"href":"https:\/\/www.whiskyklubben.fi\/en\/wp-json\/wp\/v2\/users\/1"}],"replies":[{"embeddable":true,"href":"https:\/\/www.whiskyklubben.fi\/en\/wp-json\/wp\/v2\/comments?post=930"}],"version-history":[{"count":4,"href":"https:\/\/www.whiskyklubben.fi\/en\/wp-json\/wp\/v2\/pages\/930\/revisions"}],"predecessor-version":[{"id":937,"href":"https:\/\/www.whiskyklubben.fi\/en\/wp-json\/wp\/v2\/pages\/930\/revisions\/937"}],"wp:attachment":[{"href":"https:\/\/www.whiskyklubben.fi\/en\/wp-json\/wp\/v2\/media?parent=930"}],"curies":[{"name":"wp","href":"https:\/\/api.w.org\/{rel}","templated":true}]}}