{"id":9,"date":"2021-02-14T17:03:55","date_gmt":"2021-02-14T15:03:55","guid":{"rendered":"https:\/\/danieljoas.wordpress.com\/?page_id=9"},"modified":"2025-11-06T11:47:13","modified_gmt":"2025-11-06T09:47:13","slug":"about","status":"publish","type":"page","link":"https:\/\/www.whiskyklubben.fi\/sv\/about\/","title":{"rendered":"Styrelsen"},"content":{"rendered":"\n<div class=\"wp-block-columns is-layout-flex wp-container-core-columns-is-layout-4 wp-block-columns-is-layout-flex\">\n<div class=\"wp-block-column is-layout-flow wp-block-column-is-layout-flow\" style=\"flex-basis:100%\">\n<div class=\"wp-block-jetpack-layout-grid alignfull column1-desktop-grid__span-3 column1-desktop-grid__row-1 column2-desktop-grid__span-3 column2-desktop-grid__start-4 column2-desktop-grid__row-1 column3-desktop-grid__span-3 column3-desktop-grid__start-7 column3-desktop-grid__row-1 column4-desktop-grid__span-3 column4-desktop-grid__start-10 column4-desktop-grid__row-1 column1-tablet-grid__span-4 column1-tablet-grid__row-1 column2-tablet-grid__span-4 column2-tablet-grid__start-5 column2-tablet-grid__row-1 column3-tablet-grid__span-4 column3-tablet-grid__row-2 column4-tablet-grid__span-4 column4-tablet-grid__start-5 column4-tablet-grid__row-2 column1-mobile-grid__span-4 column1-mobile-grid__row-1 column2-mobile-grid__span-4 column2-mobile-grid__row-2 column3-mobile-grid__span-4 column3-mobile-grid__row-3 column4-mobile-grid__span-4 column4-mobile-grid__row-4\">\n<div class=\"wp-block-jetpack-layout-grid-column wp-block-jetpack-layout-grid__padding-none\">\n<h3 class=\"wp-block-heading has-text-align-center margin-bottom-half\">Grand Master<\/h3>\n\n\n\n<figure class=\"wp-block-image size-large is-style-default\"><img loading=\"lazy\" decoding=\"async\" width=\"818\" height=\"1024\" src=\"https:\/\/www.whiskyklubben.fi\/wp-content\/uploads\/2024\/02\/Aron-818x1024.jpg\" alt=\"\" class=\"wp-image-1089\" srcset=\"https:\/\/www.whiskyklubben.fi\/wp-content\/uploads\/2024\/02\/Aron-818x1024.jpg 818w, https:\/\/www.whiskyklubben.fi\/wp-content\/uploads\/2024\/02\/Aron-240x300.jpg 240w, https:\/\/www.whiskyklubben.fi\/wp-content\/uploads\/2024\/02\/Aron-768x962.jpg 768w, https:\/\/www.whiskyklubben.fi\/wp-content\/uploads\/2024\/02\/Aron-1227x1536.jpg 1227w, https:\/\/www.whiskyklubben.fi\/wp-content\/uploads\/2024\/02\/Aron-1636x2048.jpg 1636w, https:\/\/www.whiskyklubben.fi\/wp-content\/uploads\/2024\/02\/Aron-10x12.jpg 10w, https:\/\/www.whiskyklubben.fi\/wp-content\/uploads\/2024\/02\/Aron-scaled.jpg 2044w\" sizes=\"auto, (max-width: 818px) 100vw, 818px\" \/><figcaption class=\"wp-element-caption\"><meta charset=\"utf-8\"><strong>Aron Granholm<\/strong><\/figcaption><\/figure>\n\n\n\n<p class=\"margin-top-half has-normal-font-size\">Epost: ordforande@whiskyklubben.fi<\/p>\n\n\n\n<p class=\"margin-top-half has-normal-font-size\">Jag heter Aron och studerar ekonomi. Som f\u00f6reningens ordf\u00f6rande \u00f6verser jag verksamheten och leder m\u00f6ten. <br>Min favoritwhisky \u00e4r Nikka Coffey Malt.<\/p>\n<\/div>\n\n\n\n<div class=\"wp-block-jetpack-layout-grid-column wp-block-jetpack-layout-grid__padding-none\">\n<h3 class=\"wp-block-heading has-text-align-center margin-bottom-half\">Barrel \/ Label Master<\/h3>\n\n\n\n<figure class=\"wp-block-image size-full wp-duotone-unset-1\"><img loading=\"lazy\" decoding=\"async\" width=\"2194\" height=\"2560\" src=\"https:\/\/www.whiskyklubben.fi\/wp-content\/uploads\/2024\/02\/Jeppe-1-scaled.jpg\" alt=\"\" class=\"wp-image-1085\" srcset=\"https:\/\/www.whiskyklubben.fi\/wp-content\/uploads\/2024\/02\/Jeppe-1-scaled.jpg 2194w, https:\/\/www.whiskyklubben.fi\/wp-content\/uploads\/2024\/02\/Jeppe-1-257x300.jpg 257w, https:\/\/www.whiskyklubben.fi\/wp-content\/uploads\/2024\/02\/Jeppe-1-878x1024.jpg 878w, https:\/\/www.whiskyklubben.fi\/wp-content\/uploads\/2024\/02\/Jeppe-1-768x896.jpg 768w, https:\/\/www.whiskyklubben.fi\/wp-content\/uploads\/2024\/02\/Jeppe-1-1317x1536.jpg 1317w, https:\/\/www.whiskyklubben.fi\/wp-content\/uploads\/2024\/02\/Jeppe-1-1755x2048.jpg 1755w, https:\/\/www.whiskyklubben.fi\/wp-content\/uploads\/2024\/02\/Jeppe-1-10x12.jpg 10w\" sizes=\"auto, (max-width: 2194px) 100vw, 2194px\" \/><figcaption class=\"wp-element-caption\"><strong>Jesper Andersson<\/strong><\/figcaption><\/figure>\n\n\n\n<p class=\"margin-top-half has-normal-font-size\">Epost: lager@whiskyklubben.fi<\/p>\n\n\n\n<p class=\"margin-top-half has-normal-font-size\">Hej! Jag \u00e4r datateknolog, golfare, och trummis, men fr\u00e4mst av allt vice-ordf\u00f6rande och lageransvarig f\u00f6r AvA. Jag hj\u00e4lper ordf\u00f6rande med verksamheten och h\u00e5ller koll p\u00e5 oms\u00e4ttningstillg\u00e5ngarna. <br>Jag gillar \u00f6verlag sm\u00e5tt r\u00f6kiga whiskyn, och Highland Park 12 \u00e4r en av mina favoriter.<\/p>\n<\/div>\n\n\n\n<div class=\"wp-block-jetpack-layout-grid-column wp-block-jetpack-layout-grid__padding-none\">\n<h3 class=\"wp-block-heading has-text-align-center\">Treasury Master<\/h3>\n\n\n\n<figure class=\"wp-block-image size-full\"><img loading=\"lazy\" decoding=\"async\" width=\"1050\" height=\"1401\" src=\"https:\/\/www.whiskyklubben.fi\/wp-content\/uploads\/2025\/11\/Herman-Styssebild-edited.jpeg\" alt=\"\" class=\"wp-image-1226\" srcset=\"https:\/\/www.whiskyklubben.fi\/wp-content\/uploads\/2025\/11\/Herman-Styssebild-edited.jpeg 1050w, https:\/\/www.whiskyklubben.fi\/wp-content\/uploads\/2025\/11\/Herman-Styssebild-edited-225x300.jpeg 225w, https:\/\/www.whiskyklubben.fi\/wp-content\/uploads\/2025\/11\/Herman-Styssebild-edited-767x1024.jpeg 767w, https:\/\/www.whiskyklubben.fi\/wp-content\/uploads\/2025\/11\/Herman-Styssebild-edited-768x1025.jpeg 768w, https:\/\/www.whiskyklubben.fi\/wp-content\/uploads\/2025\/11\/Herman-Styssebild-edited-9x12.jpeg 9w\" sizes=\"auto, (max-width: 1050px) 100vw, 1050px\" \/><figcaption class=\"wp-element-caption\"><strong>Herman H\u00e4kkinen<\/strong><\/figcaption><\/figure>\n\n\n\n<p>Hej! Jag \u00e4r Herman och studerar informationssystem. Jag fungerar som ekonomiansvarig i f\u00f6reningen och ansvarar bland annat f\u00f6r budgetering, bokslut och kassafl\u00f6det. Min favoritwhisky \u00e4r Ardbeg Uigeadail.<\/p>\n<\/div>\n\n\n\n<div class=\"wp-block-jetpack-layout-grid-column wp-block-jetpack-layout-grid__padding-none\">\n<div style=\"height:0px\" aria-hidden=\"true\" class=\"wp-block-spacer\"><\/div>\n\n\n\n<h3 class=\"wp-block-heading has-text-align-center\">Tale Master<\/h3>\n\n\n\n<figure class=\"wp-block-image size-full is-resized\"><img loading=\"lazy\" decoding=\"async\" width=\"1555\" height=\"2073\" src=\"https:\/\/www.whiskyklubben.fi\/wp-content\/uploads\/2025\/11\/FannyAvA-edited.jpeg\" alt=\"\" class=\"wp-image-1222\" style=\"width:270px;height:auto\" srcset=\"https:\/\/www.whiskyklubben.fi\/wp-content\/uploads\/2025\/11\/FannyAvA-edited.jpeg 1555w, https:\/\/www.whiskyklubben.fi\/wp-content\/uploads\/2025\/11\/FannyAvA-edited-225x300.jpeg 225w, https:\/\/www.whiskyklubben.fi\/wp-content\/uploads\/2025\/11\/FannyAvA-edited-768x1024.jpeg 768w, https:\/\/www.whiskyklubben.fi\/wp-content\/uploads\/2025\/11\/FannyAvA-edited-1152x1536.jpeg 1152w, https:\/\/www.whiskyklubben.fi\/wp-content\/uploads\/2025\/11\/FannyAvA-edited-1536x2048.jpeg 1536w, https:\/\/www.whiskyklubben.fi\/wp-content\/uploads\/2025\/11\/FannyAvA-edited-9x12.jpeg 9w\" sizes=\"auto, (max-width: 1555px) 100vw, 1555px\" \/><figcaption class=\"wp-element-caption\"><strong>Fanny Ollqvist<\/strong><\/figcaption><\/figure>\n\n\n\n<p>Hej! Jag \u00e4r Fanny och studerar kemi- och process teknik. Jag fungerar som sekreterare f\u00f6r AvA.<br>Min favorit whisky \u00e4r Toki fr\u00e5n Suntory Whisky.<\/p>\n<\/div>\n<\/div>\n\n\n\n<div class=\"wp-block-columns is-layout-flex wp-container-core-columns-is-layout-3 wp-block-columns-is-layout-flex\">\n<div class=\"wp-block-column is-layout-flow wp-block-column-is-layout-flow\">\n<div class=\"wp-block-columns is-layout-flex wp-container-core-columns-is-layout-1 wp-block-columns-is-layout-flex\">\n<div class=\"wp-block-column is-layout-flow wp-block-column-is-layout-flow\">\n<h3 class=\"wp-block-heading has-text-align-center\">Master Emissary<\/h3>\n\n\n\n<figure class=\"wp-block-image size-full\"><img loading=\"lazy\" decoding=\"async\" width=\"774\" height=\"1021\" src=\"https:\/\/www.whiskyklubben.fi\/wp-content\/uploads\/2025\/06\/SakariAvABild.jpg\" alt=\"\" class=\"wp-image-1194\" srcset=\"https:\/\/www.whiskyklubben.fi\/wp-content\/uploads\/2025\/06\/SakariAvABild.jpg 774w, https:\/\/www.whiskyklubben.fi\/wp-content\/uploads\/2025\/06\/SakariAvABild-227x300.jpg 227w, https:\/\/www.whiskyklubben.fi\/wp-content\/uploads\/2025\/06\/SakariAvABild-768x1013.jpg 768w, https:\/\/www.whiskyklubben.fi\/wp-content\/uploads\/2025\/06\/SakariAvABild-9x12.jpg 9w\" sizes=\"auto, (max-width: 774px) 100vw, 774px\" \/><\/figure>\n\n\n\n<p><strong>Sakari W\u00e4yrynen<\/strong><\/p>\n\n\n\n<p>Epost: kommunikation@whiskyklubben.fi<br>tel: +358 40 4488 455<br><br><br>Hall\u00e5! Jag \u00e4r Sakke fr\u00e5n Sk\u00e5ne, en femte\u00e5rs ekonomistuderande och \u00e4r i \u00e5r p\u00e5 uppdrag f\u00f6r AvA som f\u00f6reningens f\u00f6rlitade Master Emissary p\u00e5 andra sidan av sj\u00f6n.<br>Bland mina uppgifter ing\u00e5r att hantera AvA:s SOME och andra grejor f\u00f6r att fr\u00e4mja f\u00f6reningens synlighet.<br>H\u00e4rligaste whiskyn som jag k\u00e4nner \u00e4r Glen Turret Triple Wood 2023, med en k\u00e4nnetecknande explosiv b\u00f6rjan och en sm\u00f6rrrig eftersmak.<\/p>\n<\/div>\n\n\n\n<div class=\"wp-block-column is-layout-flow wp-block-column-is-layout-flow\">\n<h3 class=\"wp-block-heading has-text-align-center\">Master Chef<\/h3>\n\n\n\n<figure class=\"wp-block-image size-full\"><img loading=\"lazy\" decoding=\"async\" width=\"1536\" height=\"2048\" src=\"https:\/\/www.whiskyklubben.fi\/wp-content\/uploads\/2025\/11\/Frasse-Styssebild.jpeg\" alt=\"\" class=\"wp-image-1227\" srcset=\"https:\/\/www.whiskyklubben.fi\/wp-content\/uploads\/2025\/11\/Frasse-Styssebild.jpeg 1536w, https:\/\/www.whiskyklubben.fi\/wp-content\/uploads\/2025\/11\/Frasse-Styssebild-225x300.jpeg 225w, https:\/\/www.whiskyklubben.fi\/wp-content\/uploads\/2025\/11\/Frasse-Styssebild-768x1024.jpeg 768w, https:\/\/www.whiskyklubben.fi\/wp-content\/uploads\/2025\/11\/Frasse-Styssebild-1152x1536.jpeg 1152w, https:\/\/www.whiskyklubben.fi\/wp-content\/uploads\/2025\/11\/Frasse-Styssebild-9x12.jpeg 9w\" sizes=\"auto, (max-width: 1536px) 100vw, 1536px\" \/><\/figure>\n\n\n\n<p><strong>Francesco Paukku<\/strong><\/p>\n\n\n\n<p>Hej! Jag heter Francesco, b\u00e4ttre k\u00e4nd som &#8217;Frasse&#8217; och studerar Statskunskap. Som Master Chef \u00e4r jag ansvarig f\u00f6r att laga maten till f\u00f6reningens evenemang. Whiskeyn fr\u00e5n Islay-regionen \u00e4r n\u00e4ra mitt hj\u00e4rta, speciellt Lagavulin 16 Year Old Single Malt.<\/p>\n<\/div>\n<\/div>\n<\/div>\n\n\n\n<div class=\"wp-block-column is-layout-flow wp-block-column-is-layout-flow\">\n<div class=\"wp-block-columns is-layout-flex wp-container-core-columns-is-layout-2 wp-block-columns-is-layout-flex\">\n<div class=\"wp-block-column is-layout-flow wp-block-column-is-layout-flow\">\n<h3 class=\"wp-block-heading has-text-align-center\">Entertainment Master<\/h3>\n\n\n\n<figure class=\"wp-block-image size-full\"><img loading=\"lazy\" decoding=\"async\" width=\"971\" height=\"1078\" src=\"https:\/\/www.whiskyklubben.fi\/wp-content\/uploads\/2025\/06\/WhatsApp-Image-2025-06-09-at-20.53.31.jpeg\" alt=\"\" class=\"wp-image-1190\" srcset=\"https:\/\/www.whiskyklubben.fi\/wp-content\/uploads\/2025\/06\/WhatsApp-Image-2025-06-09-at-20.53.31.jpeg 971w, https:\/\/www.whiskyklubben.fi\/wp-content\/uploads\/2025\/06\/WhatsApp-Image-2025-06-09-at-20.53.31-270x300.jpeg 270w, https:\/\/www.whiskyklubben.fi\/wp-content\/uploads\/2025\/06\/WhatsApp-Image-2025-06-09-at-20.53.31-922x1024.jpeg 922w, https:\/\/www.whiskyklubben.fi\/wp-content\/uploads\/2025\/06\/WhatsApp-Image-2025-06-09-at-20.53.31-768x853.jpeg 768w, https:\/\/www.whiskyklubben.fi\/wp-content\/uploads\/2025\/06\/WhatsApp-Image-2025-06-09-at-20.53.31-11x12.jpeg 11w\" sizes=\"auto, (max-width: 971px) 100vw, 971px\" \/><\/figure>\n\n\n\n<p><strong>Robin Uthardt<\/strong><\/p>\n\n\n\n<p>Hej hej! Jag heter Robin, och jag studerar engelska p\u00e5 vardagar och whiskyglasets botten p\u00e5 helger. Som styrelsens programansvarig ser jag till att alla h\u00e5lls underh\u00e5llna genom pubquizar, spel, musik, Nick Offerman-parodier, och mycket mer. Min favoritwhisky \u00e4r och har alltid varit Aberfeldy 12.<\/p>\n<\/div>\n\n\n\n<div class=\"wp-block-column is-layout-flow wp-block-column-is-layout-flow\">\n<h3 class=\"wp-block-heading has-text-align-center\"><\/h3>\n<\/div>\n<\/div>\n<\/div>\n<\/div>\n<\/div>\n<\/div>\n\n\n\n<p><\/p>\n\n\n\n<h2 class=\"wp-block-heading\">Funktion\u00e4rer \/ Tasting masters<\/h2>\n\n\n\n<div class=\"wp-block-columns is-layout-flex wp-container-core-columns-is-layout-6 wp-block-columns-is-layout-flex\">\n<div class=\"wp-block-column is-layout-flow wp-block-column-is-layout-flow\" style=\"flex-basis:25%\">\n<h3 class=\"wp-block-heading has-text-align-center\">Axel Mattson<\/h3>\n\n\n\n<figure class=\"wp-block-image alignfull size-large\"><img loading=\"lazy\" decoding=\"async\" width=\"768\" height=\"1024\" src=\"https:\/\/www.whiskyklubben.fi\/wp-content\/uploads\/2024\/04\/Axel-768x1024.jpg\" alt=\"\" class=\"wp-image-1108\" srcset=\"https:\/\/www.whiskyklubben.fi\/wp-content\/uploads\/2024\/04\/Axel-768x1024.jpg 768w, https:\/\/www.whiskyklubben.fi\/wp-content\/uploads\/2024\/04\/Axel-225x300.jpg 225w, https:\/\/www.whiskyklubben.fi\/wp-content\/uploads\/2024\/04\/Axel-1152x1536.jpg 1152w, https:\/\/www.whiskyklubben.fi\/wp-content\/uploads\/2024\/04\/Axel-9x12.jpg 9w, https:\/\/www.whiskyklubben.fi\/wp-content\/uploads\/2024\/04\/Axel.jpg 1200w\" sizes=\"auto, (max-width: 768px) 100vw, 768px\" \/><\/figure>\n\n\n\n<p>Hej!<br>Mitt namn \u00e4r Axel och jag fungerar det h\u00e4r \u00e5ret som en av AvA:s tre tastingmasters. Det betyder att jag tillsammans med Mikael och Jakob f\u00f6rs\u00f6ker planera och h\u00e5lla s\u00e5 bra tastingar som m\u00f6jligt f\u00f6r er! Jag tycker om all sorts whisky, men min absoluta go to \u00e4r nog Lagavulin (8 eller 16). Hoppas vi ses p\u00e5&nbsp;n\u00e5gon&nbsp;tasting!<\/p>\n<\/div>\n\n\n\n<div class=\"wp-block-column is-layout-flow wp-block-column-is-layout-flow\" style=\"flex-basis:25%\">\n<h3 class=\"wp-block-heading has-text-align-center\">Mikael Lindberg<\/h3>\n\n\n\n<figure class=\"wp-block-image size-full\"><img loading=\"lazy\" decoding=\"async\" width=\"903\" height=\"901\" src=\"https:\/\/www.whiskyklubben.fi\/wp-content\/uploads\/2021\/03\/130437227_738954313389210_233039497268923954_n-edited.jpg\" alt=\"\" class=\"wp-image-565\" srcset=\"https:\/\/www.whiskyklubben.fi\/wp-content\/uploads\/2021\/03\/130437227_738954313389210_233039497268923954_n-edited.jpg 903w, https:\/\/www.whiskyklubben.fi\/wp-content\/uploads\/2021\/03\/130437227_738954313389210_233039497268923954_n-edited-300x300.jpg 300w, https:\/\/www.whiskyklubben.fi\/wp-content\/uploads\/2021\/03\/130437227_738954313389210_233039497268923954_n-edited-150x150.jpg 150w, https:\/\/www.whiskyklubben.fi\/wp-content\/uploads\/2021\/03\/130437227_738954313389210_233039497268923954_n-edited-768x766.jpg 768w\" sizes=\"auto, (max-width: 903px) 100vw, 903px\" \/><\/figure>\n\n\n\n<p>N\u00e4r man druckit tillr\u00e4ckligt m\u00e5nga whiskyn och varit aktiv i f\u00f6reningen l\u00e4nge nog, kan man bli tasting master. Det l\u00e5ter hedersamt, men inneb\u00e4r fr\u00e4mst att man har ett angen\u00e4mt problem: f\u00f6r mycket whisky, f\u00f6r lite tid. Tasting mastern leder tastingen, f\u00f6rbereder presentationer enligt kv\u00e4llens tema, delar fakta om dryckerna och bjuder p\u00e5 torr humor. Under tastingen guidar hen deltagarna i hur man b\u00e4st smakar, vad man kan dofta och smaka \u2013 och uppmuntrar till att dela sina intryck.<\/p>\n<\/div>\n\n\n\n<div class=\"wp-block-column is-layout-flow wp-block-column-is-layout-flow\" style=\"flex-basis:50%\">\n<div class=\"wp-block-columns is-layout-flex wp-container-core-columns-is-layout-5 wp-block-columns-is-layout-flex\">\n<div class=\"wp-block-column is-layout-flow wp-block-column-is-layout-flow\">\n<h3 class=\"wp-block-heading has-text-align-center\">Jakob Nylund<\/h3>\n\n\n\n<figure class=\"wp-block-image size-large\"><img loading=\"lazy\" decoding=\"async\" width=\"768\" height=\"1024\" src=\"https:\/\/www.whiskyklubben.fi\/wp-content\/uploads\/2024\/12\/Jakob_hemsida_bild-768x1024.jpg\" alt=\"\" class=\"wp-image-1123\" srcset=\"https:\/\/www.whiskyklubben.fi\/wp-content\/uploads\/2024\/12\/Jakob_hemsida_bild-768x1024.jpg 768w, https:\/\/www.whiskyklubben.fi\/wp-content\/uploads\/2024\/12\/Jakob_hemsida_bild-225x300.jpg 225w, https:\/\/www.whiskyklubben.fi\/wp-content\/uploads\/2024\/12\/Jakob_hemsida_bild-1152x1536.jpg 1152w, https:\/\/www.whiskyklubben.fi\/wp-content\/uploads\/2024\/12\/Jakob_hemsida_bild-9x12.jpg 9w, https:\/\/www.whiskyklubben.fi\/wp-content\/uploads\/2024\/12\/Jakob_hemsida_bild.jpg 1536w\" sizes=\"auto, (max-width: 768px) 100vw, 768px\" \/><\/figure>\n\n\n\n<p>Jag \u00e4r Jakob f\u00f6r er som inte k\u00e4nner igen mig utan sk\u00e4gg. Jag fungerar i \u00e5r som Tasting Master efter fyra \u00e5r som Tale Master, n\u00e4r jag inte f\u00f6rdjupar mig i kyrkof\u00e4drar och andra teologiska skrifter. Jag \u00e4lskar whisky \u00e5 alla slags v\u00e4lsmakliga drycker som AVA kan t\u00e4nkas bjuda p\u00e5. Hoppas att vi ses p\u00e5 m\u00e5nga tastingar, b\u00e5de n\u00e4r jag st\u00e5r och talar eller sitter och lyssnar p\u00e5&nbsp;v\u00e5ra&nbsp;evenemang.<\/p>\n<\/div>\n\n\n\n<div class=\"wp-block-column is-layout-flow wp-block-column-is-layout-flow\">\n<h3 class=\"wp-block-heading has-text-align-center\">Hamish Simpson<\/h3>\n\n\n\n<figure class=\"wp-block-image size-large\"><img loading=\"lazy\" decoding=\"async\" width=\"768\" height=\"1024\" src=\"https:\/\/www.whiskyklubben.fi\/wp-content\/uploads\/2022\/09\/CADA4DAB-2B10-4D3B-953D-27FC3006332A-768x1024.jpg\" alt=\"\" class=\"wp-image-982\" srcset=\"https:\/\/www.whiskyklubben.fi\/wp-content\/uploads\/2022\/09\/CADA4DAB-2B10-4D3B-953D-27FC3006332A-768x1024.jpg 768w, https:\/\/www.whiskyklubben.fi\/wp-content\/uploads\/2022\/09\/CADA4DAB-2B10-4D3B-953D-27FC3006332A-225x300.jpg 225w, https:\/\/www.whiskyklubben.fi\/wp-content\/uploads\/2022\/09\/CADA4DAB-2B10-4D3B-953D-27FC3006332A-1152x1536.jpg 1152w, https:\/\/www.whiskyklubben.fi\/wp-content\/uploads\/2022\/09\/CADA4DAB-2B10-4D3B-953D-27FC3006332A-1536x2048.jpg 1536w, https:\/\/www.whiskyklubben.fi\/wp-content\/uploads\/2022\/09\/CADA4DAB-2B10-4D3B-953D-27FC3006332A-scaled.jpg 1920w\" sizes=\"auto, (max-width: 768px) 100vw, 768px\" \/><\/figure>\n\n\n\n<p><\/p>\n<\/div>\n<\/div>\n<\/div>\n<\/div>\n\n\n\n<p><\/p>\n\n\n\n<h2 class=\"wp-block-heading\">\u00d6vriga funktion\u00e4rer<\/h2>\n\n\n\n<div class=\"wp-block-columns is-layout-flex wp-container-core-columns-is-layout-8 wp-block-columns-is-layout-flex\">\n<div class=\"wp-block-column is-layout-flow wp-block-column-is-layout-flow\">\n<div class=\"wp-block-columns is-layout-flex wp-container-core-columns-is-layout-7 wp-block-columns-is-layout-flex\">\n<div class=\"wp-block-column is-layout-flow wp-block-column-is-layout-flow\">\n<h3 class=\"wp-block-heading has-text-align-center\">Viktor Brandg\u00e5rd<\/h3>\n\n\n\n<figure class=\"wp-block-image size-large\"><img loading=\"lazy\" decoding=\"async\" width=\"768\" height=\"1024\" src=\"https:\/\/www.whiskyklubben.fi\/wp-content\/uploads\/2024\/02\/Viktor-768x1024.jpg\" alt=\"\" class=\"wp-image-1096\" srcset=\"https:\/\/www.whiskyklubben.fi\/wp-content\/uploads\/2024\/02\/Viktor-768x1024.jpg 768w, https:\/\/www.whiskyklubben.fi\/wp-content\/uploads\/2024\/02\/Viktor-225x300.jpg 225w, https:\/\/www.whiskyklubben.fi\/wp-content\/uploads\/2024\/02\/Viktor-1152x1536.jpg 1152w, https:\/\/www.whiskyklubben.fi\/wp-content\/uploads\/2024\/02\/Viktor-1536x2048.jpg 1536w, https:\/\/www.whiskyklubben.fi\/wp-content\/uploads\/2024\/02\/Viktor-9x12.jpg 9w, https:\/\/www.whiskyklubben.fi\/wp-content\/uploads\/2024\/02\/Viktor-scaled.jpg 1920w\" sizes=\"auto, (max-width: 768px) 100vw, 768px\" \/><\/figure>\n<\/div>\n\n\n\n<div class=\"wp-block-column is-layout-flow wp-block-column-is-layout-flow\">\n<h3 class=\"wp-block-heading has-text-align-center\">Alexander Kjellman<\/h3>\n\n\n\n<figure class=\"wp-block-image size-large\"><img loading=\"lazy\" decoding=\"async\" width=\"877\" height=\"1024\" src=\"https:\/\/www.whiskyklubben.fi\/wp-content\/uploads\/2024\/02\/Alex-2-877x1024.jpg\" alt=\"\" class=\"wp-image-1088\" srcset=\"https:\/\/www.whiskyklubben.fi\/wp-content\/uploads\/2024\/02\/Alex-2-877x1024.jpg 877w, https:\/\/www.whiskyklubben.fi\/wp-content\/uploads\/2024\/02\/Alex-2-257x300.jpg 257w, https:\/\/www.whiskyklubben.fi\/wp-content\/uploads\/2024\/02\/Alex-2-768x897.jpg 768w, https:\/\/www.whiskyklubben.fi\/wp-content\/uploads\/2024\/02\/Alex-2-1315x1536.jpg 1315w, https:\/\/www.whiskyklubben.fi\/wp-content\/uploads\/2024\/02\/Alex-2-1754x2048.jpg 1754w, https:\/\/www.whiskyklubben.fi\/wp-content\/uploads\/2024\/02\/Alex-2-10x12.jpg 10w\" sizes=\"auto, (max-width: 877px) 100vw, 877px\" \/><\/figure>\n<\/div>\n<\/div>\n<\/div>\n\n\n\n<div class=\"wp-block-column is-layout-flow wp-block-column-is-layout-flow\"><\/div>\n<\/div>\n\n\n\n<p><\/p>\n","protected":false},"excerpt":{"rendered":"<p>Grand Master Epost: ordforande@whiskyklubben.fi Jag heter Aron och studerar ekonomi. Som f\u00f6reningens ordf\u00f6rande \u00f6verser jag verksamheten och leder m\u00f6ten. Min favoritwhisky \u00e4r Nikka Coffey Malt. Barrel \/ Label Master Epost: lager@whiskyklubben.fi Hej! Jag \u00e4r datateknolog, golfare, och trummis, men fr\u00e4mst av allt vice-ordf\u00f6rande och lageransvarig f\u00f6r AvA. Jag hj\u00e4lper ordf\u00f6rande med verksamheten och h\u00e5ller koll &hellip;<\/p>\n<p class=\"read-more\"> <a class=\"\" href=\"https:\/\/www.whiskyklubben.fi\/sv\/about\/\"> <span class=\"screen-reader-text\">Styrelsen<\/span> L\u00e4s mer &raquo;<\/a><\/p>\n","protected":false},"author":1,"featured_media":0,"parent":0,"menu_order":0,"comment_status":"closed","ping_status":"closed","template":"","meta":{"_monsterinsights_skip_tracking":false,"_monsterinsights_sitenote_active":false,"_monsterinsights_sitenote_note":"","_monsterinsights_sitenote_category":0,"site-sidebar-layout":"default","site-content-layout":"plain-container","ast-global-header-display":"","ast-main-header-display":"","ast-hfb-above-header-display":"","ast-hfb-below-header-display":"","ast-hfb-mobile-header-display":"","site-post-title":"","ast-breadcrumbs-content":"","ast-featured-img":"","footer-sml-layout":"","theme-transparent-header-meta":"disabled","adv-header-id-meta":"","stick-header-meta":"","header-above-stick-meta":"","header-main-stick-meta":"","header-below-stick-meta":"","footnotes":""},"class_list":["post-9","page","type-page","status-publish","hentry"],"aioseo_notices":[],"_links":{"self":[{"href":"https:\/\/www.whiskyklubben.fi\/sv\/wp-json\/wp\/v2\/pages\/9","targetHints":{"allow":["GET"]}}],"collection":[{"href":"https:\/\/www.whiskyklubben.fi\/sv\/wp-json\/wp\/v2\/pages"}],"about":[{"href":"https:\/\/www.whiskyklubben.fi\/sv\/wp-json\/wp\/v2\/types\/page"}],"author":[{"embeddable":true,"href":"https:\/\/www.whiskyklubben.fi\/sv\/wp-json\/wp\/v2\/users\/1"}],"replies":[{"embeddable":true,"href":"https:\/\/www.whiskyklubben.fi\/sv\/wp-json\/wp\/v2\/comments?post=9"}],"version-history":[{"count":53,"href":"https:\/\/www.whiskyklubben.fi\/sv\/wp-json\/wp\/v2\/pages\/9\/revisions"}],"predecessor-version":[{"id":1229,"href":"https:\/\/www.whiskyklubben.fi\/sv\/wp-json\/wp\/v2\/pages\/9\/revisions\/1229"}],"wp:attachment":[{"href":"https:\/\/www.whiskyklubben.fi\/sv\/wp-json\/wp\/v2\/media?parent=9"}],"curies":[{"name":"wp","href":"https:\/\/api.w.org\/{rel}","templated":true}]}}